{"id":26727,"date":"2021-01-28T16:33:58","date_gmt":"2021-01-28T15:33:58","guid":{"rendered":"https:\/\/kps-law.com\/%e8%81%94%e7%b3%bb%e6%96%b9%e5%bc%8f\/"},"modified":"2021-01-28T16:35:47","modified_gmt":"2021-01-28T15:35:47","slug":"%e8%81%94%e7%b3%bb%e6%96%b9%e5%bc%8f","status":"publish","type":"page","link":"https:\/\/kps-law.com\/zh-hans\/%e8%81%94%e7%b3%bb%e6%96%b9%e5%bc%8f\/","title":{"rendered":"\u8054\u7cfb\u65b9\u5f0f"},"content":{"rendered":"[vc_row type=&#8221;full_width_content&#8221; full_screen_row_position=&#8221;middle&#8221; column_margin=&#8221;default&#8221; column_direction=&#8221;default&#8221; column_direction_tablet=&#8221;default&#8221; column_direction_phone=&#8221;default&#8221; scene_position=&#8221;center&#8221; text_color=&#8221;dark&#8221; text_align=&#8221;left&#8221; row_border_radius=&#8221;none&#8221; row_border_radius_applies=&#8221;bg&#8221; overlay_strength=&#8221;0.3&#8243; gradient_direction=&#8221;left_to_right&#8221; shape_divider_position=&#8221;bottom&#8221; bg_image_animation=&#8221;none&#8221; full_width=&#8221;stretch_row_content&#8221; css=&#8221;.vc_custom_1580818477781{margin-top: 0px !important;margin-right: 0px !important;margin-bottom: 0px !important;margin-left: 0px !important;border-top-width: 0px !important;border-right-width: 0px !important;border-bottom-width: 0px !important;border-left-width: 0px !important;padding-top: 0px !important;padding-right: 0px !important;padding-bottom: 0px !important;padding-left: 0px !important;}&#8221; shape_type=&#8221;&#8221;][vc_column column_padding=&#8221;no-extra-padding&#8221; column_padding_tablet=&#8221;inherit&#8221; column_padding_phone=&#8221;inherit&#8221; column_padding_position=&#8221;all&#8221; background_color_opacity=&#8221;1&#8243; background_hover_color_opacity=&#8221;1&#8243; column_shadow=&#8221;none&#8221; column_border_radius=&#8221;none&#8221; column_link_target=&#8221;_self&#8221; gradient_direction=&#8221;left_to_right&#8221; overlay_strength=&#8221;0.3&#8243; width=&#8221;1\/1&#8243; tablet_width_inherit=&#8221;default&#8221; tablet_text_alignment=&#8221;default&#8221; phone_text_alignment=&#8221;default&#8221; column_border_width=&#8221;none&#8221; column_border_style=&#8221;solid&#8221; bg_image_animation=&#8221;none&#8221; css=&#8221;.vc_custom_1580819683786{margin-top: 0px !important;margin-right: 0px !important;margin-bottom: -20px !important;margin-left: 0px !important;border-top-width: 0px !important;border-right-width: 0px !important;border-bottom-width: 0px !important;border-left-width: 0px !important;padding-top: 0px !important;padding-right: 0px !important;padding-bottom: 0px !important;padding-left: 0px !important;}&#8221;][divider line_type=&#8221;No Line&#8221; custom_height=&#8221;60&#8243;][\/vc_column][\/vc_row][vc_row type=&#8221;in_container&#8221; full_screen_row_position=&#8221;middle&#8221; column_margin=&#8221;default&#8221; column_direction=&#8221;default&#8221; column_direction_tablet=&#8221;default&#8221; column_direction_phone=&#8221;default&#8221; scene_position=&#8221;center&#8221; top_padding=&#8221;20&#8243; bottom_padding=&#8221;5&#8243; text_color=&#8221;dark&#8221; text_align=&#8221;left&#8221; row_border_radius=&#8221;none&#8221; row_border_radius_applies=&#8221;bg&#8221; overlay_strength=&#8221;0.3&#8243; gradient_direction=&#8221;left_to_right&#8221; shape_divider_position=&#8221;bottom&#8221; bg_image_animation=&#8221;none&#8221; shape_type=&#8221;&#8221;][vc_column column_padding=&#8221;no-extra-padding&#8221; column_padding_tablet=&#8221;inherit&#8221; column_padding_phone=&#8221;inherit&#8221; column_padding_position=&#8221;all&#8221; top_margin=&#8221;10&#8243; background_color_opacity=&#8221;1&#8243; background_hover_color_opacity=&#8221;1&#8243; column_shadow=&#8221;none&#8221; column_border_radius=&#8221;none&#8221; column_link_target=&#8221;_self&#8221; gradient_direction=&#8221;left_to_right&#8221; overlay_strength=&#8221;0.3&#8243; width=&#8221;1\/2&#8243; tablet_width_inherit=&#8221;default&#8221; tablet_text_alignment=&#8221;default&#8221; phone_text_alignment=&#8221;default&#8221; column_border_width=&#8221;none&#8221; column_border_style=&#8221;solid&#8221; bg_image_animation=&#8221;none&#8221;][vc_text_separator title=&#8221;Kova\u010devi\u0107 Prpi\u0107 Simeunovi\u0107 \u5f8b\u5e08\u4e8b\u52a1\u6240&#8221; color=&#8221;custom&#8221; accent_color=&#8221;#008599&#8243;][vc_column_text css_animation=&#8221;bottom-to-top&#8221;]<strong>Kova\u010devi\u0107 Prpi\u0107 Simeunovi\u0107 d.o.o.<\/strong><br \/>\nTrg \u017ertava fa\u0161izma 6<br \/>\nHR-10000 Zagreb \u8428\u683c\u52d2\u5e03<br \/>\nCroatia \u514b\u7f57\u5730\u4e9a[\/vc_column_text][divider line_type=&#8221;No Line&#8221; custom_height=&#8221;30&#8243;][vc_text_separator title=&#8221;\u8463\u4e8b\u4f1a\u6210\u5458:&#8221; color=&#8221;custom&#8221; accent_color=&#8221;#008599&#8243;][vc_column_text]\n<p style=\"text-align: center;\">Dinka Kova\u010devi\u0107, Martina Prpi\u0107, Danijela Simeunovi\u0107<\/p>\n[\/vc_column_text][divider line_type=&#8221;No Line&#8221; custom_height=&#8221;30&#8243;][\/vc_column][vc_column column_padding=&#8221;no-extra-padding&#8221; column_padding_tablet=&#8221;inherit&#8221; column_padding_phone=&#8221;inherit&#8221; column_padding_position=&#8221;all&#8221; top_margin=&#8221;10&#8243; background_color_opacity=&#8221;1&#8243; background_hover_color_opacity=&#8221;1&#8243; column_shadow=&#8221;none&#8221; column_border_radius=&#8221;none&#8221; column_link_target=&#8221;_self&#8221; gradient_direction=&#8221;left_to_right&#8221; overlay_strength=&#8221;0.3&#8243; width=&#8221;1\/2&#8243; tablet_width_inherit=&#8221;default&#8221; tablet_text_alignment=&#8221;default&#8221; phone_text_alignment=&#8221;default&#8221; column_border_width=&#8221;none&#8221; column_border_style=&#8221;solid&#8221; bg_image_animation=&#8221;none&#8221;][vc_raw_html]PGlmcmFtZSBzcmM9Imh0dHBzOi8vc25henp5bWFwcy5jb20vZW1iZWQvMjAwNjYzIiB3aWR0aD0iMTAwJSIgaGVpZ2h0PSI2MDBweCIgc3R5bGU9ImJvcmRlcjpub25lOyI+PC9pZnJhbWU+[\/vc_raw_html][\/vc_column][\/vc_row][vc_row type=&#8221;in_container&#8221; full_screen_row_position=&#8221;middle&#8221; column_margin=&#8221;default&#8221; column_direction=&#8221;default&#8221; column_direction_tablet=&#8221;default&#8221; column_direction_phone=&#8221;default&#8221; scene_position=&#8221;center&#8221; top_padding=&#8221;10&#8243; bottom_padding=&#8221;10&#8243; text_color=&#8221;dark&#8221; text_align=&#8221;left&#8221; row_border_radius=&#8221;none&#8221; row_border_radius_applies=&#8221;bg&#8221; overlay_strength=&#8221;0.3&#8243; gradient_direction=&#8221;left_to_right&#8221; shape_divider_position=&#8221;bottom&#8221; bg_image_animation=&#8221;none&#8221; shape_type=&#8221;&#8221;][vc_column column_padding=&#8221;no-extra-padding&#8221; column_padding_tablet=&#8221;inherit&#8221; column_padding_phone=&#8221;inherit&#8221; column_padding_position=&#8221;all&#8221; background_color_opacity=&#8221;1&#8243; background_hover_color_opacity=&#8221;1&#8243; column_shadow=&#8221;none&#8221; column_border_radius=&#8221;none&#8221; column_link_target=&#8221;_self&#8221; gradient_direction=&#8221;left_to_right&#8221; overlay_strength=&#8221;0.3&#8243; width=&#8221;1\/3&#8243; tablet_width_inherit=&#8221;default&#8221; tablet_text_alignment=&#8221;default&#8221; phone_text_alignment=&#8221;default&#8221; column_border_width=&#8221;none&#8221; column_border_style=&#8221;solid&#8221; bg_image_animation=&#8221;none&#8221;]<div class=\"iwithtext\"><div class=\"iwt-icon\"> <i class=\"icon-default-style fa fa-phone accent-color\"><\/i> <\/div><div class=\"iwt-text\"> <a href=\"tel:+38515576575\">+385 1 5576 575<\/a> <\/div><div class=\"clear\"><\/div><\/div><div class=\"iwithtext\"><div class=\"iwt-icon\"> <i class=\"icon-default-style fa fa-print accent-color\"><\/i> <\/div><div class=\"iwt-text\"> <span style=\"color: #008599;\">+385 1 5576 599<\/span> <\/div><div class=\"clear\"><\/div><\/div><div class=\"iwithtext\"><div class=\"iwt-icon\"> <i class=\"icon-default-style fa fa-envelope accent-color\"><\/i> <\/div><div class=\"iwt-text\"> <a href=\"mailto:info@kps-law.com\">info@kps-law.com<\/a> <\/div><div class=\"clear\"><\/div><\/div>[\/vc_column][vc_column column_padding=&#8221;no-extra-padding&#8221; column_padding_tablet=&#8221;inherit&#8221; column_padding_phone=&#8221;inherit&#8221; column_padding_position=&#8221;all&#8221; background_color_opacity=&#8221;1&#8243; background_hover_color_opacity=&#8221;1&#8243; column_shadow=&#8221;none&#8221; column_border_radius=&#8221;none&#8221; column_link_target=&#8221;_self&#8221; gradient_direction=&#8221;left_to_right&#8221; overlay_strength=&#8221;0.3&#8243; width=&#8221;1\/3&#8243; tablet_width_inherit=&#8221;default&#8221; tablet_text_alignment=&#8221;default&#8221; phone_text_alignment=&#8221;default&#8221; column_border_width=&#8221;none&#8221; column_border_style=&#8221;solid&#8221; bg_image_animation=&#8221;none&#8221;][vc_column_text css_animation=&#8221;bottom-to-top&#8221;]<strong>\u6cd5\u9662\u767b\u8bb0\u548c\u767b\u8bb0\u53f7\u7801\uff1a<\/strong><br \/>\n\u8428\u683c\u52d2\u5e03\u5546\u4e1a\u6cd5\u9662<br \/>\n\u6cd5\u4eba\u5b9e\u4f53\u7f16\u53f7\uff1a080932512<br \/>\n\u7a0e\u53f7\uff1a4279476<br \/>\n\u4e2a\u4eba\u8bc6\u522b\u53f7\u7801\uff1a00476134480<\/p>\n[\/vc_column_text][\/vc_column][vc_column column_padding=&#8221;no-extra-padding&#8221; column_padding_tablet=&#8221;inherit&#8221; column_padding_phone=&#8221;inherit&#8221; column_padding_position=&#8221;all&#8221; background_color_opacity=&#8221;1&#8243; background_hover_color_opacity=&#8221;1&#8243; column_shadow=&#8221;none&#8221; column_border_radius=&#8221;none&#8221; column_link_target=&#8221;_self&#8221; gradient_direction=&#8221;left_to_right&#8221; overlay_strength=&#8221;0.3&#8243; width=&#8221;1\/3&#8243; tablet_width_inherit=&#8221;default&#8221; tablet_text_alignment=&#8221;default&#8221; phone_text_alignment=&#8221;default&#8221; column_border_width=&#8221;none&#8221; column_border_style=&#8221;solid&#8221; bg_image_animation=&#8221;none&#8221;][vc_column_text css_animation=&#8221;bottom-to-top&#8221;]\n<p style=\"text-align: left;\"><strong>\u8d26\u53f7\uff1a<\/strong><br \/>\nErste &amp; Steierm\u00e4rkische Bank d.d., HR3024020061100714554<\/p>\n[\/vc_column_text][\/vc_column][\/vc_row]\n","protected":false},"excerpt":{"rendered":"<p>[vc_row type=&#8221;full_width&#8230;<\/p>\n","protected":false},"author":3,"featured_media":0,"parent":0,"menu_order":0,"comment_status":"closed","ping_status":"closed","template":"","meta":{"footnotes":""},"yoast_head":"<!-- This site is optimized with the Yoast SEO plugin v22.1 - https:\/\/yoast.com\/wordpress\/plugins\/seo\/ -->\n<title>\u8054\u7cfb\u65b9\u5f0f - Kova\u010devi\u0107 Prpi\u0107 Simeunovi\u0107<\/title>\n<meta name=\"robots\" content=\"index, follow, max-snippet:-1, max-image-preview:large, max-video-preview:-1\" \/>\n<link rel=\"canonical\" href=\"https:\/\/kps-law.com\/kontakt\/\" \/>\n<meta property=\"og:locale\" content=\"zh_CN\" \/>\n<meta property=\"og:type\" content=\"article\" \/>\n<meta property=\"og:title\" content=\"\u8054\u7cfb\u65b9\u5f0f - Kova\u010devi\u0107 Prpi\u0107 Simeunovi\u0107\" \/>\n<meta property=\"og:description\" content=\"[vc_row type=&#8221;full_width...\" \/>\n<meta property=\"og:url\" content=\"https:\/\/kps-law.com\/kontakt\/\" \/>\n<meta property=\"og:site_name\" content=\"Kova\u010devi\u0107 Prpi\u0107 Simeunovi\u0107\" \/>\n<meta property=\"article:modified_time\" content=\"2021-01-28T15:35:47+00:00\" \/>\n<meta name=\"twitter:card\" content=\"summary_large_image\" \/>\n<meta name=\"twitter:label1\" content=\"\u9884\u8ba1\u9605\u8bfb\u65f6\u95f4\" \/>\n\t<meta name=\"twitter:data1\" content=\"4 \u5206\" \/>\n<script type=\"application\/ld+json\" class=\"yoast-schema-graph\">{\"@context\":\"https:\/\/schema.org\",\"@graph\":[{\"@type\":\"WebPage\",\"@id\":\"https:\/\/kps-law.com\/kontakt\/\",\"url\":\"https:\/\/kps-law.com\/kontakt\/\",\"name\":\"\u8054\u7cfb\u65b9\u5f0f - Kova\u010devi\u0107 Prpi\u0107 Simeunovi\u0107\",\"isPartOf\":{\"@id\":\"https:\/\/kps-law.com\/en\/#website\"},\"datePublished\":\"2021-01-28T15:33:58+00:00\",\"dateModified\":\"2021-01-28T15:35:47+00:00\",\"breadcrumb\":{\"@id\":\"https:\/\/kps-law.com\/kontakt\/#breadcrumb\"},\"inLanguage\":\"zh-Hans\",\"potentialAction\":[{\"@type\":\"ReadAction\",\"target\":[\"https:\/\/kps-law.com\/kontakt\/\"]}]},{\"@type\":\"BreadcrumbList\",\"@id\":\"https:\/\/kps-law.com\/kontakt\/#breadcrumb\",\"itemListElement\":[{\"@type\":\"ListItem\",\"position\":1,\"name\":\"Po\u010detna stranica\",\"item\":\"https:\/\/kps-law.com\/zh-hans\/\"},{\"@type\":\"ListItem\",\"position\":2,\"name\":\"\u8054\u7cfb\u65b9\u5f0f\"}]},{\"@type\":\"WebSite\",\"@id\":\"https:\/\/kps-law.com\/en\/#website\",\"url\":\"https:\/\/kps-law.com\/en\/\",\"name\":\"Kova\u010devi\u0107 Prpi\u0107 Simeunovi\u0107\",\"description\":\"Odvjetni\u010dko dru\u0161tvo \/ Law firm\",\"publisher\":{\"@id\":\"https:\/\/kps-law.com\/en\/#organization\"},\"potentialAction\":[{\"@type\":\"SearchAction\",\"target\":{\"@type\":\"EntryPoint\",\"urlTemplate\":\"https:\/\/kps-law.com\/en\/?s={search_term_string}\"},\"query-input\":\"required name=search_term_string\"}],\"inLanguage\":\"zh-Hans\"},{\"@type\":\"Organization\",\"@id\":\"https:\/\/kps-law.com\/en\/#organization\",\"name\":\"KPS Kova\u010devi\u0107 Prpi\u0107 Simeunovi\u0107\",\"url\":\"https:\/\/kps-law.com\/en\/\",\"logo\":{\"@type\":\"ImageObject\",\"inLanguage\":\"zh-Hans\",\"@id\":\"https:\/\/kps-law.com\/en\/#\/schema\/logo\/image\/\",\"url\":\"https:\/\/kps-law.com\/wp-content\/uploads\/2019\/11\/logo-KPS-2x-dark.png\",\"contentUrl\":\"https:\/\/kps-law.com\/wp-content\/uploads\/2019\/11\/logo-KPS-2x-dark.png\",\"width\":724,\"height\":140,\"caption\":\"KPS Kova\u010devi\u0107 Prpi\u0107 Simeunovi\u0107\"},\"image\":{\"@id\":\"https:\/\/kps-law.com\/en\/#\/schema\/logo\/image\/\"},\"sameAs\":[\"https:\/\/www.linkedin.com\/company\/kova\u010devi\u0107-prpi\u0107-simeunovi\u0107\/\"]}]}<\/script>\n<!-- \/ Yoast SEO plugin. -->","yoast_head_json":{"title":"\u8054\u7cfb\u65b9\u5f0f - Kova\u010devi\u0107 Prpi\u0107 Simeunovi\u0107","robots":{"index":"index","follow":"follow","max-snippet":"max-snippet:-1","max-image-preview":"max-image-preview:large","max-video-preview":"max-video-preview:-1"},"canonical":"https:\/\/kps-law.com\/kontakt\/","og_locale":"zh_CN","og_type":"article","og_title":"\u8054\u7cfb\u65b9\u5f0f - Kova\u010devi\u0107 Prpi\u0107 Simeunovi\u0107","og_description":"[vc_row type=&#8221;full_width...","og_url":"https:\/\/kps-law.com\/kontakt\/","og_site_name":"Kova\u010devi\u0107 Prpi\u0107 Simeunovi\u0107","article_modified_time":"2021-01-28T15:35:47+00:00","twitter_card":"summary_large_image","twitter_misc":{"\u9884\u8ba1\u9605\u8bfb\u65f6\u95f4":"4 \u5206"},"schema":{"@context":"https:\/\/schema.org","@graph":[{"@type":"WebPage","@id":"https:\/\/kps-law.com\/kontakt\/","url":"https:\/\/kps-law.com\/kontakt\/","name":"\u8054\u7cfb\u65b9\u5f0f - Kova\u010devi\u0107 Prpi\u0107 Simeunovi\u0107","isPartOf":{"@id":"https:\/\/kps-law.com\/en\/#website"},"datePublished":"2021-01-28T15:33:58+00:00","dateModified":"2021-01-28T15:35:47+00:00","breadcrumb":{"@id":"https:\/\/kps-law.com\/kontakt\/#breadcrumb"},"inLanguage":"zh-Hans","potentialAction":[{"@type":"ReadAction","target":["https:\/\/kps-law.com\/kontakt\/"]}]},{"@type":"BreadcrumbList","@id":"https:\/\/kps-law.com\/kontakt\/#breadcrumb","itemListElement":[{"@type":"ListItem","position":1,"name":"Po\u010detna stranica","item":"https:\/\/kps-law.com\/zh-hans\/"},{"@type":"ListItem","position":2,"name":"\u8054\u7cfb\u65b9\u5f0f"}]},{"@type":"WebSite","@id":"https:\/\/kps-law.com\/en\/#website","url":"https:\/\/kps-law.com\/en\/","name":"Kova\u010devi\u0107 Prpi\u0107 Simeunovi\u0107","description":"Odvjetni\u010dko dru\u0161tvo \/ Law firm","publisher":{"@id":"https:\/\/kps-law.com\/en\/#organization"},"potentialAction":[{"@type":"SearchAction","target":{"@type":"EntryPoint","urlTemplate":"https:\/\/kps-law.com\/en\/?s={search_term_string}"},"query-input":"required name=search_term_string"}],"inLanguage":"zh-Hans"},{"@type":"Organization","@id":"https:\/\/kps-law.com\/en\/#organization","name":"KPS Kova\u010devi\u0107 Prpi\u0107 Simeunovi\u0107","url":"https:\/\/kps-law.com\/en\/","logo":{"@type":"ImageObject","inLanguage":"zh-Hans","@id":"https:\/\/kps-law.com\/en\/#\/schema\/logo\/image\/","url":"https:\/\/kps-law.com\/wp-content\/uploads\/2019\/11\/logo-KPS-2x-dark.png","contentUrl":"https:\/\/kps-law.com\/wp-content\/uploads\/2019\/11\/logo-KPS-2x-dark.png","width":724,"height":140,"caption":"KPS Kova\u010devi\u0107 Prpi\u0107 Simeunovi\u0107"},"image":{"@id":"https:\/\/kps-law.com\/en\/#\/schema\/logo\/image\/"},"sameAs":["https:\/\/www.linkedin.com\/company\/kova\u010devi\u0107-prpi\u0107-simeunovi\u0107\/"]}]}},"_links":{"self":[{"href":"https:\/\/kps-law.com\/zh-hans\/wp-json\/wp\/v2\/pages\/26727"}],"collection":[{"href":"https:\/\/kps-law.com\/zh-hans\/wp-json\/wp\/v2\/pages"}],"about":[{"href":"https:\/\/kps-law.com\/zh-hans\/wp-json\/wp\/v2\/types\/page"}],"author":[{"embeddable":true,"href":"https:\/\/kps-law.com\/zh-hans\/wp-json\/wp\/v2\/users\/3"}],"replies":[{"embeddable":true,"href":"https:\/\/kps-law.com\/zh-hans\/wp-json\/wp\/v2\/comments?post=26727"}],"version-history":[{"count":0,"href":"https:\/\/kps-law.com\/zh-hans\/wp-json\/wp\/v2\/pages\/26727\/revisions"}],"wp:attachment":[{"href":"https:\/\/kps-law.com\/zh-hans\/wp-json\/wp\/v2\/media?parent=26727"}],"curies":[{"name":"wp","href":"https:\/\/api.w.org\/{rel}","templated":true}]}}