{"id":26521,"date":"2021-01-20T13:49:58","date_gmt":"2021-01-20T12:49:58","guid":{"rendered":"https:\/\/kps-law.com\/news\/"},"modified":"2021-01-20T13:51:26","modified_gmt":"2021-01-20T12:51:26","slug":"news","status":"publish","type":"page","link":"https:\/\/kps-law.com\/en\/news\/","title":{"rendered":"News"},"content":{"rendered":"[vc_row type=&#8221;full_width_background&#8221; full_screen_row_position=&#8221;middle&#8221; column_margin=&#8221;default&#8221; column_direction=&#8221;default&#8221; column_direction_tablet=&#8221;default&#8221; column_direction_phone=&#8221;default&#8221; bg_color=&#8221;#ffffff&#8221; scene_position=&#8221;center&#8221; top_padding=&#8221;20&#8243; bottom_padding=&#8221;10&#8243; left_padding_desktop=&#8221;8&#8243; right_padding_desktop=&#8221;8&#8243; text_color=&#8221;dark&#8221; text_align=&#8221;center&#8221; row_border_radius=&#8221;none&#8221; row_border_radius_applies=&#8221;bg&#8221; color_overlay=&#8221;#ffffff&#8221; color_overlay_2=&#8221;#ffffff&#8221; overlay_strength=&#8221;1&#8243; gradient_direction=&#8221;left_t_to_right_b&#8221; shape_divider_position=&#8221;bottom&#8221; bg_image_animation=&#8221;none&#8221; shape_type=&#8221;speech&#8221;][vc_column column_padding=&#8221;padding-5-percent&#8221; column_padding_tablet=&#8221;inherit&#8221; column_padding_phone=&#8221;inherit&#8221; column_padding_position=&#8221;top-bottom&#8221; background_color_opacity=&#8221;1&#8243; background_hover_color_opacity=&#8221;1&#8243; column_shadow=&#8221;none&#8221; column_border_radius=&#8221;none&#8221; column_link_target=&#8221;_self&#8221; gradient_direction=&#8221;left_to_right&#8221; overlay_strength=&#8221;0.3&#8243; width=&#8221;1\/1&#8243; tablet_width_inherit=&#8221;default&#8221; tablet_text_alignment=&#8221;default&#8221; phone_text_alignment=&#8221;default&#8221; column_border_width=&#8221;none&#8221; column_border_style=&#8221;solid&#8221; bg_image_animation=&#8221;none&#8221;][split_line_heading animation_type=&#8221;line-reveal-by-space&#8221; font_style=&#8221;h1&#8243; text_color=&#8221;#008599&#8243; text_content=&#8221;News&#8221;]About us<\/p>\n[\/split_line_heading][\/vc_column][\/vc_row][vc_row type=&#8221;in_container&#8221; full_screen_row_position=&#8221;middle&#8221; column_margin=&#8221;default&#8221; column_direction=&#8221;default&#8221; column_direction_tablet=&#8221;default&#8221; column_direction_phone=&#8221;default&#8221; scene_position=&#8221;center&#8221; text_color=&#8221;dark&#8221; text_align=&#8221;left&#8221; row_border_radius=&#8221;none&#8221; row_border_radius_applies=&#8221;bg&#8221; overlay_strength=&#8221;0.3&#8243; gradient_direction=&#8221;left_to_right&#8221; shape_divider_position=&#8221;bottom&#8221; bg_image_animation=&#8221;none&#8221;][vc_column column_padding=&#8221;no-extra-padding&#8221; column_padding_tablet=&#8221;inherit&#8221; column_padding_phone=&#8221;inherit&#8221; column_padding_position=&#8221;all&#8221; background_color_opacity=&#8221;1&#8243; background_hover_color_opacity=&#8221;1&#8243; column_shadow=&#8221;none&#8221; column_border_radius=&#8221;none&#8221; column_link_target=&#8221;_self&#8221; gradient_direction=&#8221;left_to_right&#8221; overlay_strength=&#8221;0.3&#8243; width=&#8221;1\/1&#8243; tablet_width_inherit=&#8221;default&#8221; tablet_text_alignment=&#8221;default&#8221; phone_text_alignment=&#8221;default&#8221; column_border_width=&#8221;none&#8221; column_border_style=&#8221;solid&#8221; bg_image_animation=&#8221;none&#8221;][nectar_blog layout=&#8221;std-blog-sidebar&#8221; blog_standard_style=&#8221;inherit&#8221; enable_ss=&#8221;true&#8221; load_in_animation=&#8221;none&#8221; category=&#8221;news&#8221; enable_pagination=&#8221;true&#8221; pagination_type=&#8221;default&#8221; order=&#8221;DESC&#8221; orderby=&#8221;date&#8221; blog_remove_post_author=&#8221;true&#8221; blog_remove_post_comment_number=&#8221;true&#8221; blog_remove_post_nectar_love=&#8221;true&#8221;][\/vc_column][\/vc_row]\n","protected":false},"excerpt":{"rendered":"<p>[vc_row type=&#8221;full_width_background&#8221; full_screen_row_position=&#8221;middle&#8221; column_margin=&#8221;default&#8221; column_direction=&#8221;default&#8221; column_direction_tablet=&#8221;default&#8221; column_direction_phone=&#8221;default&#8221; bg_color=&#8221;#ffffff&#8221; scene_position=&#8221;center&#8221; top_padding=&#8221;20&#8243; bottom_padding=&#8221;10&#8243; left_padding_desktop=&#8221;8&#8243; right_padding_desktop=&#8221;8&#8243; text_color=&#8221;dark&#8221; text_align=&#8221;center&#8221; row_border_radius=&#8221;none&#8221; row_border_radius_applies=&#8221;bg&#8221; color_overlay=&#8221;#ffffff&#8221; color_overlay_2=&#8221;#ffffff&#8221; overlay_strength=&#8221;1&#8243; gradient_direction=&#8221;left_t_to_right_b&#8221; shape_divider_position=&#8221;bottom&#8221; bg_image_animation=&#8221;none&#8221; shape_type=&#8221;speech&#8221;][vc_column column_padding=&#8221;padding-5-percent&#8221; column_padding_tablet=&#8221;inherit&#8221; column_padding_phone=&#8221;inherit&#8221; column_padding_position=&#8221;top-bottom&#8221; background_color_opacity=&#8221;1&#8243; background_hover_color_opacity=&#8221;1&#8243;&#8230;<\/p>\n","protected":false},"author":3,"featured_media":0,"parent":0,"menu_order":0,"comment_status":"closed","ping_status":"closed","template":"","meta":{"footnotes":""},"yoast_head":"<!-- This site is optimized with the Yoast SEO plugin v22.1 - https:\/\/yoast.com\/wordpress\/plugins\/seo\/ -->\n<title>News - Kova\u010devi\u0107 Prpi\u0107 Simeunovi\u0107<\/title>\n<meta name=\"robots\" content=\"index, follow, max-snippet:-1, max-image-preview:large, max-video-preview:-1\" \/>\n<link rel=\"canonical\" href=\"https:\/\/kps-law.com\/en\/news\/\" \/>\n<meta property=\"og:locale\" content=\"en_US\" \/>\n<meta property=\"og:type\" content=\"article\" \/>\n<meta property=\"og:title\" content=\"News - Kova\u010devi\u0107 Prpi\u0107 Simeunovi\u0107\" \/>\n<meta property=\"og:description\" content=\"[vc_row type=&#8221;full_width_background&#8221; full_screen_row_position=&#8221;middle&#8221; column_margin=&#8221;default&#8221; column_direction=&#8221;default&#8221; column_direction_tablet=&#8221;default&#8221; column_direction_phone=&#8221;default&#8221; bg_color=&#8221;#ffffff&#8221; scene_position=&#8221;center&#8221; top_padding=&#8221;20&#8243; bottom_padding=&#8221;10&#8243; left_padding_desktop=&#8221;8&#8243; right_padding_desktop=&#8221;8&#8243; text_color=&#8221;dark&#8221; text_align=&#8221;center&#8221; row_border_radius=&#8221;none&#8221; row_border_radius_applies=&#8221;bg&#8221; color_overlay=&#8221;#ffffff&#8221; color_overlay_2=&#8221;#ffffff&#8221; overlay_strength=&#8221;1&#8243; gradient_direction=&#8221;left_t_to_right_b&#8221; shape_divider_position=&#8221;bottom&#8221; bg_image_animation=&#8221;none&#8221; shape_type=&#8221;speech&#8221;][vc_column column_padding=&#8221;padding-5-percent&#8221; column_padding_tablet=&#8221;inherit&#8221; column_padding_phone=&#8221;inherit&#8221; column_padding_position=&#8221;top-bottom&#8221; background_color_opacity=&#8221;1&#8243; background_hover_color_opacity=&#8221;1&#8243;...\" \/>\n<meta property=\"og:url\" content=\"https:\/\/kps-law.com\/en\/news\/\" \/>\n<meta property=\"og:site_name\" content=\"Kova\u010devi\u0107 Prpi\u0107 Simeunovi\u0107\" \/>\n<meta property=\"article:modified_time\" content=\"2021-01-20T12:51:26+00:00\" \/>\n<meta name=\"twitter:card\" content=\"summary_large_image\" \/>\n<meta name=\"twitter:label1\" content=\"Est. reading time\" \/>\n\t<meta name=\"twitter:data1\" content=\"2 minutes\" \/>\n<script type=\"application\/ld+json\" class=\"yoast-schema-graph\">{\"@context\":\"https:\/\/schema.org\",\"@graph\":[{\"@type\":\"WebPage\",\"@id\":\"https:\/\/kps-law.com\/en\/news\/\",\"url\":\"https:\/\/kps-law.com\/en\/news\/\",\"name\":\"News - Kova\u010devi\u0107 Prpi\u0107 Simeunovi\u0107\",\"isPartOf\":{\"@id\":\"https:\/\/kps-law.com\/en\/#website\"},\"datePublished\":\"2021-01-20T12:49:58+00:00\",\"dateModified\":\"2021-01-20T12:51:26+00:00\",\"breadcrumb\":{\"@id\":\"https:\/\/kps-law.com\/en\/news\/#breadcrumb\"},\"inLanguage\":\"en-US\",\"potentialAction\":[{\"@type\":\"ReadAction\",\"target\":[\"https:\/\/kps-law.com\/en\/news\/\"]}]},{\"@type\":\"BreadcrumbList\",\"@id\":\"https:\/\/kps-law.com\/en\/news\/#breadcrumb\",\"itemListElement\":[{\"@type\":\"ListItem\",\"position\":1,\"name\":\"Po\u010detna stranica\",\"item\":\"https:\/\/kps-law.com\/en\/\"},{\"@type\":\"ListItem\",\"position\":2,\"name\":\"News\"}]},{\"@type\":\"WebSite\",\"@id\":\"https:\/\/kps-law.com\/en\/#website\",\"url\":\"https:\/\/kps-law.com\/en\/\",\"name\":\"Kova\u010devi\u0107 Prpi\u0107 Simeunovi\u0107\",\"description\":\"Odvjetni\u010dko dru\u0161tvo \/ Law firm\",\"publisher\":{\"@id\":\"https:\/\/kps-law.com\/en\/#organization\"},\"potentialAction\":[{\"@type\":\"SearchAction\",\"target\":{\"@type\":\"EntryPoint\",\"urlTemplate\":\"https:\/\/kps-law.com\/en\/?s={search_term_string}\"},\"query-input\":\"required name=search_term_string\"}],\"inLanguage\":\"en-US\"},{\"@type\":\"Organization\",\"@id\":\"https:\/\/kps-law.com\/en\/#organization\",\"name\":\"KPS Kova\u010devi\u0107 Prpi\u0107 Simeunovi\u0107\",\"url\":\"https:\/\/kps-law.com\/en\/\",\"logo\":{\"@type\":\"ImageObject\",\"inLanguage\":\"en-US\",\"@id\":\"https:\/\/kps-law.com\/en\/#\/schema\/logo\/image\/\",\"url\":\"https:\/\/kps-law.com\/wp-content\/uploads\/2019\/11\/logo-KPS-2x-dark.png\",\"contentUrl\":\"https:\/\/kps-law.com\/wp-content\/uploads\/2019\/11\/logo-KPS-2x-dark.png\",\"width\":724,\"height\":140,\"caption\":\"KPS Kova\u010devi\u0107 Prpi\u0107 Simeunovi\u0107\"},\"image\":{\"@id\":\"https:\/\/kps-law.com\/en\/#\/schema\/logo\/image\/\"},\"sameAs\":[\"https:\/\/www.linkedin.com\/company\/kova\u010devi\u0107-prpi\u0107-simeunovi\u0107\/\"]}]}<\/script>\n<!-- \/ Yoast SEO plugin. -->","yoast_head_json":{"title":"News - Kova\u010devi\u0107 Prpi\u0107 Simeunovi\u0107","robots":{"index":"index","follow":"follow","max-snippet":"max-snippet:-1","max-image-preview":"max-image-preview:large","max-video-preview":"max-video-preview:-1"},"canonical":"https:\/\/kps-law.com\/en\/news\/","og_locale":"en_US","og_type":"article","og_title":"News - Kova\u010devi\u0107 Prpi\u0107 Simeunovi\u0107","og_description":"[vc_row type=&#8221;full_width_background&#8221; full_screen_row_position=&#8221;middle&#8221; column_margin=&#8221;default&#8221; column_direction=&#8221;default&#8221; column_direction_tablet=&#8221;default&#8221; column_direction_phone=&#8221;default&#8221; bg_color=&#8221;#ffffff&#8221; scene_position=&#8221;center&#8221; top_padding=&#8221;20&#8243; bottom_padding=&#8221;10&#8243; left_padding_desktop=&#8221;8&#8243; right_padding_desktop=&#8221;8&#8243; text_color=&#8221;dark&#8221; text_align=&#8221;center&#8221; row_border_radius=&#8221;none&#8221; row_border_radius_applies=&#8221;bg&#8221; color_overlay=&#8221;#ffffff&#8221; color_overlay_2=&#8221;#ffffff&#8221; overlay_strength=&#8221;1&#8243; gradient_direction=&#8221;left_t_to_right_b&#8221; shape_divider_position=&#8221;bottom&#8221; bg_image_animation=&#8221;none&#8221; shape_type=&#8221;speech&#8221;][vc_column column_padding=&#8221;padding-5-percent&#8221; column_padding_tablet=&#8221;inherit&#8221; column_padding_phone=&#8221;inherit&#8221; column_padding_position=&#8221;top-bottom&#8221; background_color_opacity=&#8221;1&#8243; background_hover_color_opacity=&#8221;1&#8243;...","og_url":"https:\/\/kps-law.com\/en\/news\/","og_site_name":"Kova\u010devi\u0107 Prpi\u0107 Simeunovi\u0107","article_modified_time":"2021-01-20T12:51:26+00:00","twitter_card":"summary_large_image","twitter_misc":{"Est. reading time":"2 minutes"},"schema":{"@context":"https:\/\/schema.org","@graph":[{"@type":"WebPage","@id":"https:\/\/kps-law.com\/en\/news\/","url":"https:\/\/kps-law.com\/en\/news\/","name":"News - Kova\u010devi\u0107 Prpi\u0107 Simeunovi\u0107","isPartOf":{"@id":"https:\/\/kps-law.com\/en\/#website"},"datePublished":"2021-01-20T12:49:58+00:00","dateModified":"2021-01-20T12:51:26+00:00","breadcrumb":{"@id":"https:\/\/kps-law.com\/en\/news\/#breadcrumb"},"inLanguage":"en-US","potentialAction":[{"@type":"ReadAction","target":["https:\/\/kps-law.com\/en\/news\/"]}]},{"@type":"BreadcrumbList","@id":"https:\/\/kps-law.com\/en\/news\/#breadcrumb","itemListElement":[{"@type":"ListItem","position":1,"name":"Po\u010detna stranica","item":"https:\/\/kps-law.com\/en\/"},{"@type":"ListItem","position":2,"name":"News"}]},{"@type":"WebSite","@id":"https:\/\/kps-law.com\/en\/#website","url":"https:\/\/kps-law.com\/en\/","name":"Kova\u010devi\u0107 Prpi\u0107 Simeunovi\u0107","description":"Odvjetni\u010dko dru\u0161tvo \/ Law firm","publisher":{"@id":"https:\/\/kps-law.com\/en\/#organization"},"potentialAction":[{"@type":"SearchAction","target":{"@type":"EntryPoint","urlTemplate":"https:\/\/kps-law.com\/en\/?s={search_term_string}"},"query-input":"required name=search_term_string"}],"inLanguage":"en-US"},{"@type":"Organization","@id":"https:\/\/kps-law.com\/en\/#organization","name":"KPS Kova\u010devi\u0107 Prpi\u0107 Simeunovi\u0107","url":"https:\/\/kps-law.com\/en\/","logo":{"@type":"ImageObject","inLanguage":"en-US","@id":"https:\/\/kps-law.com\/en\/#\/schema\/logo\/image\/","url":"https:\/\/kps-law.com\/wp-content\/uploads\/2019\/11\/logo-KPS-2x-dark.png","contentUrl":"https:\/\/kps-law.com\/wp-content\/uploads\/2019\/11\/logo-KPS-2x-dark.png","width":724,"height":140,"caption":"KPS Kova\u010devi\u0107 Prpi\u0107 Simeunovi\u0107"},"image":{"@id":"https:\/\/kps-law.com\/en\/#\/schema\/logo\/image\/"},"sameAs":["https:\/\/www.linkedin.com\/company\/kova\u010devi\u0107-prpi\u0107-simeunovi\u0107\/"]}]}},"_links":{"self":[{"href":"https:\/\/kps-law.com\/en\/wp-json\/wp\/v2\/pages\/26521"}],"collection":[{"href":"https:\/\/kps-law.com\/en\/wp-json\/wp\/v2\/pages"}],"about":[{"href":"https:\/\/kps-law.com\/en\/wp-json\/wp\/v2\/types\/page"}],"author":[{"embeddable":true,"href":"https:\/\/kps-law.com\/en\/wp-json\/wp\/v2\/users\/3"}],"replies":[{"embeddable":true,"href":"https:\/\/kps-law.com\/en\/wp-json\/wp\/v2\/comments?post=26521"}],"version-history":[{"count":0,"href":"https:\/\/kps-law.com\/en\/wp-json\/wp\/v2\/pages\/26521\/revisions"}],"wp:attachment":[{"href":"https:\/\/kps-law.com\/en\/wp-json\/wp\/v2\/media?parent=26521"}],"curies":[{"name":"wp","href":"https:\/\/api.w.org\/{rel}","templated":true}]}}