{"id":26676,"date":"2021-01-26T22:33:15","date_gmt":"2021-01-26T21:33:15","guid":{"rendered":"https:\/\/kps-law.com\/neuigkeiten\/"},"modified":"2021-01-26T22:33:15","modified_gmt":"2021-01-26T21:33:15","slug":"neuigkeiten","status":"publish","type":"page","link":"https:\/\/kps-law.com\/de\/neuigkeiten\/","title":{"rendered":"Neuigkeiten"},"content":{"rendered":"<p>&nbsp;[vc_row type=&#8220;full_width_background&#8220; full_screen_row_position=&#8220;middle&#8220; column_margin=&#8220;default&#8220; column_direction=&#8220;default&#8220; column_direction_tablet=&#8220;default&#8220; column_direction_phone=&#8220;default&#8220; bg_color=&#8220;#ffffff&#8220; scene_position=&#8220;center&#8220; top_padding=&#8220;20&#8243; bottom_padding=&#8220;10&#8243; left_padding_desktop=&#8220;8&#8243; right_padding_desktop=&#8220;8&#8243; text_color=&#8220;dark&#8220; text_align=&#8220;center&#8220; row_border_radius=&#8220;none&#8220; row_border_radius_applies=&#8220;bg&#8220; color_overlay=&#8220;#ffffff&#8220; color_overlay_2=&#8220;#ffffff&#8220; overlay_strength=&#8220;1&#8243; gradient_direction=&#8220;left_t_to_right_b&#8220; shape_divider_position=&#8220;bottom&#8220; bg_image_animation=&#8220;none&#8220; shape_type=&#8220;speech&#8220;][vc_column column_padding=&#8220;padding-5-percent&#8220; column_padding_tablet=&#8220;inherit&#8220; column_padding_phone=&#8220;inherit&#8220; column_padding_position=&#8220;top-bottom&#8220; background_color_opacity=&#8220;1&#8243; background_hover_color_opacity=&#8220;1&#8243; column_shadow=&#8220;none&#8220; column_border_radius=&#8220;none&#8220; column_link_target=&#8220;_self&#8220; gradient_direction=&#8220;left_to_right&#8220; overlay_strength=&#8220;0.3&#8243; width=&#8220;1\/1&#8243; tablet_width_inherit=&#8220;default&#8220; tablet_text_alignment=&#8220;default&#8220; phone_text_alignment=&#8220;default&#8220; column_border_width=&#8220;none&#8220; column_border_style=&#8220;solid&#8220; bg_image_animation=&#8220;none&#8220;][split_line_heading animation_type=&#8220;line-reveal-by-space&#8220; font_style=&#8220;h1&#8243; text_color=&#8220;#008599&#8243; text_content=&#8220;Neuigkeiten&#8220;]\u00dcber uns<\/p>\n<p>&nbsp;[\/split_line_heading][\/vc_column][\/vc_row][vc_row type=&#8220;in_container&#8220; full_screen_row_position=&#8220;middle&#8220; column_margin=&#8220;default&#8220; column_direction=&#8220;default&#8220; column_direction_tablet=&#8220;default&#8220; column_direction_phone=&#8220;default&#8220; scene_position=&#8220;center&#8220; text_color=&#8220;dark&#8220; text_align=&#8220;left&#8220; row_border_radius=&#8220;none&#8220; row_border_radius_applies=&#8220;bg&#8220; overlay_strength=&#8220;0.3&#8243; gradient_direction=&#8220;left_to_right&#8220; shape_divider_position=&#8220;bottom&#8220; bg_image_animation=&#8220;none&#8220;][vc_column column_padding=&#8220;no-extra-padding&#8220; column_padding_tablet=&#8220;inherit&#8220; column_padding_phone=&#8220;inherit&#8220; column_padding_position=&#8220;all&#8220; background_color_opacity=&#8220;1&#8243; background_hover_color_opacity=&#8220;1&#8243; column_shadow=&#8220;none&#8220; column_border_radius=&#8220;none&#8220; column_link_target=&#8220;_self&#8220; gradient_direction=&#8220;left_to_right&#8220; overlay_strength=&#8220;0.3&#8243; width=&#8220;1\/1&#8243; tablet_width_inherit=&#8220;default&#8220; tablet_text_alignment=&#8220;default&#8220; phone_text_alignment=&#8220;default&#8220; column_border_width=&#8220;none&#8220; column_border_style=&#8220;solid&#8220; bg_image_animation=&#8220;none&#8220;][nectar_blog layout=&#8220;std-blog-sidebar&#8220; blog_standard_style=&#8220;inherit&#8220; enable_ss=&#8220;true&#8220; load_in_animation=&#8220;none&#8220; category=&#8220;vijesti&#8220; enable_pagination=&#8220;true&#8220; pagination_type=&#8220;default&#8220; order=&#8220;DESC&#8220; orderby=&#8220;date&#8220; blog_remove_post_author=&#8220;true&#8220; blog_remove_post_comment_number=&#8220;true&#8220; blog_remove_post_nectar_love=&#8220;true&#8220;][\/vc_column][\/vc_row]&nbsp;<\/p>\n","protected":false},"excerpt":{"rendered":"<p>&nbsp;[vc_row type=&#8220;full_width_background&#8220; full_screen_row_position=&#8220;middle&#8220; column_margin=&#8220;default&#8220; column_direction=&#8220;default&#8220; column_direction_tablet=&#8220;default&#8220; column_direction_phone=&#8220;default&#8220; bg_color=&#8220;#ffffff&#8220; scene_position=&#8220;center&#8220; top_padding=&#8220;20&#8243; bottom_padding=&#8220;10&#8243; left_padding_desktop=&#8220;8&#8243; right_padding_desktop=&#8220;8&#8243; text_color=&#8220;dark&#8220; text_align=&#8220;center&#8220; row_border_radius=&#8220;none&#8220; row_border_radius_applies=&#8220;bg&#8220; color_overlay=&#8220;#ffffff&#8220; color_overlay_2=&#8220;#ffffff&#8220; overlay_strength=&#8220;1&#8243; gradient_direction=&#8220;left_t_to_right_b&#8220; shape_divider_position=&#8220;bottom&#8220; bg_image_animation=&#8220;none&#8220; shape_type=&#8220;speech&#8220;][vc_column column_padding=&#8220;padding-5-percent&#8220; column_padding_tablet=&#8220;inherit&#8220; column_padding_phone=&#8220;inherit&#8220; column_padding_position=&#8220;top-bottom&#8220; background_color_opacity=&#8220;1&#8243; background_hover_color_opacity=&#8220;1&#8243;&#8230;<\/p>\n","protected":false},"author":3,"featured_media":0,"parent":0,"menu_order":0,"comment_status":"closed","ping_status":"closed","template":"","meta":{"footnotes":""},"yoast_head":"<!-- This site is optimized with the Yoast SEO plugin v22.1 - https:\/\/yoast.com\/wordpress\/plugins\/seo\/ -->\n<title>Neuigkeiten - Kova\u010devi\u0107 Prpi\u0107 Simeunovi\u0107<\/title>\n<meta name=\"robots\" content=\"index, follow, max-snippet:-1, max-image-preview:large, max-video-preview:-1\" \/>\n<link rel=\"canonical\" href=\"https:\/\/kps-law.com\/vijesti\/\" \/>\n<meta property=\"og:locale\" content=\"de_DE\" \/>\n<meta property=\"og:type\" content=\"article\" \/>\n<meta property=\"og:title\" content=\"Neuigkeiten - Kova\u010devi\u0107 Prpi\u0107 Simeunovi\u0107\" \/>\n<meta property=\"og:description\" content=\"&nbsp;[vc_row type=&#8220;full_width_background&#8220; full_screen_row_position=&#8220;middle&#8220; column_margin=&#8220;default&#8220; column_direction=&#8220;default&#8220; column_direction_tablet=&#8220;default&#8220; column_direction_phone=&#8220;default&#8220; bg_color=&#8220;#ffffff&#8220; scene_position=&#8220;center&#8220; top_padding=&#8220;20&#8243; bottom_padding=&#8220;10&#8243; left_padding_desktop=&#8220;8&#8243; right_padding_desktop=&#8220;8&#8243; text_color=&#8220;dark&#8220; text_align=&#8220;center&#8220; row_border_radius=&#8220;none&#8220; row_border_radius_applies=&#8220;bg&#8220; color_overlay=&#8220;#ffffff&#8220; color_overlay_2=&#8220;#ffffff&#8220; overlay_strength=&#8220;1&#8243; gradient_direction=&#8220;left_t_to_right_b&#8220; shape_divider_position=&#8220;bottom&#8220; bg_image_animation=&#8220;none&#8220; shape_type=&#8220;speech&#8220;][vc_column column_padding=&#8220;padding-5-percent&#8220; column_padding_tablet=&#8220;inherit&#8220; column_padding_phone=&#8220;inherit&#8220; column_padding_position=&#8220;top-bottom&#8220; background_color_opacity=&#8220;1&#8243; background_hover_color_opacity=&#8220;1&#8243;...\" \/>\n<meta property=\"og:url\" content=\"https:\/\/kps-law.com\/vijesti\/\" \/>\n<meta property=\"og:site_name\" content=\"Kova\u010devi\u0107 Prpi\u0107 Simeunovi\u0107\" \/>\n<meta name=\"twitter:card\" content=\"summary_large_image\" \/>\n<meta name=\"twitter:label1\" content=\"Gesch\u00e4tzte Lesezeit\" \/>\n\t<meta name=\"twitter:data1\" content=\"2\u00a0Minuten\" \/>\n<script type=\"application\/ld+json\" class=\"yoast-schema-graph\">{\"@context\":\"https:\/\/schema.org\",\"@graph\":[{\"@type\":\"WebPage\",\"@id\":\"https:\/\/kps-law.com\/vijesti\/\",\"url\":\"https:\/\/kps-law.com\/vijesti\/\",\"name\":\"Neuigkeiten - Kova\u010devi\u0107 Prpi\u0107 Simeunovi\u0107\",\"isPartOf\":{\"@id\":\"https:\/\/kps-law.com\/en\/#website\"},\"datePublished\":\"2021-01-26T21:33:15+00:00\",\"dateModified\":\"2021-01-26T21:33:15+00:00\",\"breadcrumb\":{\"@id\":\"https:\/\/kps-law.com\/vijesti\/#breadcrumb\"},\"inLanguage\":\"de\",\"potentialAction\":[{\"@type\":\"ReadAction\",\"target\":[\"https:\/\/kps-law.com\/vijesti\/\"]}]},{\"@type\":\"BreadcrumbList\",\"@id\":\"https:\/\/kps-law.com\/vijesti\/#breadcrumb\",\"itemListElement\":[{\"@type\":\"ListItem\",\"position\":1,\"name\":\"Po\u010detna stranica\",\"item\":\"https:\/\/kps-law.com\/de\/\"},{\"@type\":\"ListItem\",\"position\":2,\"name\":\"Neuigkeiten\"}]},{\"@type\":\"WebSite\",\"@id\":\"https:\/\/kps-law.com\/en\/#website\",\"url\":\"https:\/\/kps-law.com\/en\/\",\"name\":\"Kova\u010devi\u0107 Prpi\u0107 Simeunovi\u0107\",\"description\":\"Odvjetni\u010dko dru\u0161tvo \/ Law firm\",\"publisher\":{\"@id\":\"https:\/\/kps-law.com\/en\/#organization\"},\"potentialAction\":[{\"@type\":\"SearchAction\",\"target\":{\"@type\":\"EntryPoint\",\"urlTemplate\":\"https:\/\/kps-law.com\/en\/?s={search_term_string}\"},\"query-input\":\"required name=search_term_string\"}],\"inLanguage\":\"de\"},{\"@type\":\"Organization\",\"@id\":\"https:\/\/kps-law.com\/en\/#organization\",\"name\":\"KPS Kova\u010devi\u0107 Prpi\u0107 Simeunovi\u0107\",\"url\":\"https:\/\/kps-law.com\/en\/\",\"logo\":{\"@type\":\"ImageObject\",\"inLanguage\":\"de\",\"@id\":\"https:\/\/kps-law.com\/en\/#\/schema\/logo\/image\/\",\"url\":\"https:\/\/kps-law.com\/wp-content\/uploads\/2019\/11\/logo-KPS-2x-dark.png\",\"contentUrl\":\"https:\/\/kps-law.com\/wp-content\/uploads\/2019\/11\/logo-KPS-2x-dark.png\",\"width\":724,\"height\":140,\"caption\":\"KPS Kova\u010devi\u0107 Prpi\u0107 Simeunovi\u0107\"},\"image\":{\"@id\":\"https:\/\/kps-law.com\/en\/#\/schema\/logo\/image\/\"},\"sameAs\":[\"https:\/\/www.linkedin.com\/company\/kova\u010devi\u0107-prpi\u0107-simeunovi\u0107\/\"]}]}<\/script>\n<!-- \/ Yoast SEO plugin. -->","yoast_head_json":{"title":"Neuigkeiten - Kova\u010devi\u0107 Prpi\u0107 Simeunovi\u0107","robots":{"index":"index","follow":"follow","max-snippet":"max-snippet:-1","max-image-preview":"max-image-preview:large","max-video-preview":"max-video-preview:-1"},"canonical":"https:\/\/kps-law.com\/vijesti\/","og_locale":"de_DE","og_type":"article","og_title":"Neuigkeiten - Kova\u010devi\u0107 Prpi\u0107 Simeunovi\u0107","og_description":"&nbsp;[vc_row type=&#8220;full_width_background&#8220; full_screen_row_position=&#8220;middle&#8220; column_margin=&#8220;default&#8220; column_direction=&#8220;default&#8220; column_direction_tablet=&#8220;default&#8220; column_direction_phone=&#8220;default&#8220; bg_color=&#8220;#ffffff&#8220; scene_position=&#8220;center&#8220; top_padding=&#8220;20&#8243; bottom_padding=&#8220;10&#8243; left_padding_desktop=&#8220;8&#8243; right_padding_desktop=&#8220;8&#8243; text_color=&#8220;dark&#8220; text_align=&#8220;center&#8220; row_border_radius=&#8220;none&#8220; row_border_radius_applies=&#8220;bg&#8220; color_overlay=&#8220;#ffffff&#8220; color_overlay_2=&#8220;#ffffff&#8220; overlay_strength=&#8220;1&#8243; gradient_direction=&#8220;left_t_to_right_b&#8220; shape_divider_position=&#8220;bottom&#8220; bg_image_animation=&#8220;none&#8220; shape_type=&#8220;speech&#8220;][vc_column column_padding=&#8220;padding-5-percent&#8220; column_padding_tablet=&#8220;inherit&#8220; column_padding_phone=&#8220;inherit&#8220; column_padding_position=&#8220;top-bottom&#8220; background_color_opacity=&#8220;1&#8243; background_hover_color_opacity=&#8220;1&#8243;...","og_url":"https:\/\/kps-law.com\/vijesti\/","og_site_name":"Kova\u010devi\u0107 Prpi\u0107 Simeunovi\u0107","twitter_card":"summary_large_image","twitter_misc":{"Gesch\u00e4tzte Lesezeit":"2\u00a0Minuten"},"schema":{"@context":"https:\/\/schema.org","@graph":[{"@type":"WebPage","@id":"https:\/\/kps-law.com\/vijesti\/","url":"https:\/\/kps-law.com\/vijesti\/","name":"Neuigkeiten - Kova\u010devi\u0107 Prpi\u0107 Simeunovi\u0107","isPartOf":{"@id":"https:\/\/kps-law.com\/en\/#website"},"datePublished":"2021-01-26T21:33:15+00:00","dateModified":"2021-01-26T21:33:15+00:00","breadcrumb":{"@id":"https:\/\/kps-law.com\/vijesti\/#breadcrumb"},"inLanguage":"de","potentialAction":[{"@type":"ReadAction","target":["https:\/\/kps-law.com\/vijesti\/"]}]},{"@type":"BreadcrumbList","@id":"https:\/\/kps-law.com\/vijesti\/#breadcrumb","itemListElement":[{"@type":"ListItem","position":1,"name":"Po\u010detna stranica","item":"https:\/\/kps-law.com\/de\/"},{"@type":"ListItem","position":2,"name":"Neuigkeiten"}]},{"@type":"WebSite","@id":"https:\/\/kps-law.com\/en\/#website","url":"https:\/\/kps-law.com\/en\/","name":"Kova\u010devi\u0107 Prpi\u0107 Simeunovi\u0107","description":"Odvjetni\u010dko dru\u0161tvo \/ Law firm","publisher":{"@id":"https:\/\/kps-law.com\/en\/#organization"},"potentialAction":[{"@type":"SearchAction","target":{"@type":"EntryPoint","urlTemplate":"https:\/\/kps-law.com\/en\/?s={search_term_string}"},"query-input":"required name=search_term_string"}],"inLanguage":"de"},{"@type":"Organization","@id":"https:\/\/kps-law.com\/en\/#organization","name":"KPS Kova\u010devi\u0107 Prpi\u0107 Simeunovi\u0107","url":"https:\/\/kps-law.com\/en\/","logo":{"@type":"ImageObject","inLanguage":"de","@id":"https:\/\/kps-law.com\/en\/#\/schema\/logo\/image\/","url":"https:\/\/kps-law.com\/wp-content\/uploads\/2019\/11\/logo-KPS-2x-dark.png","contentUrl":"https:\/\/kps-law.com\/wp-content\/uploads\/2019\/11\/logo-KPS-2x-dark.png","width":724,"height":140,"caption":"KPS Kova\u010devi\u0107 Prpi\u0107 Simeunovi\u0107"},"image":{"@id":"https:\/\/kps-law.com\/en\/#\/schema\/logo\/image\/"},"sameAs":["https:\/\/www.linkedin.com\/company\/kova\u010devi\u0107-prpi\u0107-simeunovi\u0107\/"]}]}},"_links":{"self":[{"href":"https:\/\/kps-law.com\/de\/wp-json\/wp\/v2\/pages\/26676"}],"collection":[{"href":"https:\/\/kps-law.com\/de\/wp-json\/wp\/v2\/pages"}],"about":[{"href":"https:\/\/kps-law.com\/de\/wp-json\/wp\/v2\/types\/page"}],"author":[{"embeddable":true,"href":"https:\/\/kps-law.com\/de\/wp-json\/wp\/v2\/users\/3"}],"replies":[{"embeddable":true,"href":"https:\/\/kps-law.com\/de\/wp-json\/wp\/v2\/comments?post=26676"}],"version-history":[{"count":0,"href":"https:\/\/kps-law.com\/de\/wp-json\/wp\/v2\/pages\/26676\/revisions"}],"wp:attachment":[{"href":"https:\/\/kps-law.com\/de\/wp-json\/wp\/v2\/media?parent=26676"}],"curies":[{"name":"wp","href":"https:\/\/api.w.org\/{rel}","templated":true}]}}